{"id":30,"date":"2020-11-26T11:56:04","date_gmt":"2020-11-26T16:56:04","guid":{"rendered":"http:\/\/www.jungleboxsolutions.com\/greengrowth\/?page_id=30"},"modified":"2021-02-01T10:07:42","modified_gmt":"2021-02-01T15:07:42","slug":"nosotros","status":"publish","type":"page","link":"http:\/\/www.jungleboxsolutions.com\/greengrowth\/nosotros\/","title":{"rendered":"Prop\u00f3sitos"},"content":{"rendered":"<p>Usar nuestra disciplina y pasi\u00f3n por el agro, produciendo y comercializando soluciones org\u00e1nicas de cannabis medicinal de origen colombiano, aportando a la calidad de vida de las personas, con el fin de que sea preferido en todo el mundo por su <strong>confiabilidad y sostenibilidad<\/strong>.<\/p>","protected":false},"excerpt":{"rendered":"<p>Usar nuestra disciplina y pasi\u00f3n por el agro, produciendo y comercializando soluciones org\u00e1nicas de cannabis medicinal de origen colombiano, aportando a la calidad de vida de las personas, con el fin de que sea preferido en todo el mundo por su confiabilidad y sostenibilidad.<\/p>\n","protected":false},"author":1,"featured_media":0,"parent":0,"menu_order":0,"comment_status":"closed","ping_status":"closed","template":"","meta":[],"_links":{"self":[{"href":"http:\/\/www.jungleboxsolutions.com\/greengrowth\/wp-json\/wp\/v2\/pages\/30"}],"collection":[{"href":"http:\/\/www.jungleboxsolutions.com\/greengrowth\/wp-json\/wp\/v2\/pages"}],"about":[{"href":"http:\/\/www.jungleboxsolutions.com\/greengrowth\/wp-json\/wp\/v2\/types\/page"}],"author":[{"embeddable":true,"href":"http:\/\/www.jungleboxsolutions.com\/greengrowth\/wp-json\/wp\/v2\/users\/1"}],"replies":[{"embeddable":true,"href":"http:\/\/www.jungleboxsolutions.com\/greengrowth\/wp-json\/wp\/v2\/comments?post=30"}],"version-history":[{"count":22,"href":"http:\/\/www.jungleboxsolutions.com\/greengrowth\/wp-json\/wp\/v2\/pages\/30\/revisions"}],"predecessor-version":[{"id":253,"href":"http:\/\/www.jungleboxsolutions.com\/greengrowth\/wp-json\/wp\/v2\/pages\/30\/revisions\/253"}],"wp:attachment":[{"href":"http:\/\/www.jungleboxsolutions.com\/greengrowth\/wp-json\/wp\/v2\/media?parent=30"}],"curies":[{"name":"wp","href":"https:\/\/api.w.org\/{rel}","templated":true}]}}