{"id":76,"date":"2021-08-30T09:39:58","date_gmt":"2021-08-30T14:39:58","guid":{"rendered":"https:\/\/www.jungleboxsolutions.com\/nortiko\/?page_id=76"},"modified":"2021-09-03T10:25:34","modified_gmt":"2021-09-03T15:25:34","slug":"el-punto","status":"publish","type":"page","link":"https:\/\/www.jungleboxsolutions.com\/nortiko\/el-punto\/","title":{"rendered":"El punto"},"content":{"rendered":"<ul>\n<li>Acceso sobre <strong>la autopista Norte<\/strong><\/li>\n<li>12 Km. del <strong>Punto Cero de Medell\u00edn<\/strong><\/li>\n<li>6.6 Km. de la Autopista <strong>Medell\u00edn Bogot\u00e1<\/strong><\/li>\n<li>Salida para la costa <strong>Atl\u00e1ntica y Urab\u00e1<\/strong><\/li>\n<\/ul>\n","protected":false},"excerpt":{"rendered":"<p>Acceso sobre la autopista Norte 12 Km. del Punto Cero de Medell\u00edn 6.6 Km. de la Autopista Medell\u00edn Bogot\u00e1 Salida para la costa Atl\u00e1ntica y Urab\u00e1<\/p>\n","protected":false},"author":1,"featured_media":0,"parent":0,"menu_order":0,"comment_status":"closed","ping_status":"closed","template":"","meta":{"footnotes":""},"class_list":["post-76","page","type-page","status-publish","hentry"],"_links":{"self":[{"href":"https:\/\/www.jungleboxsolutions.com\/nortiko\/wp-json\/wp\/v2\/pages\/76","targetHints":{"allow":["GET"]}}],"collection":[{"href":"https:\/\/www.jungleboxsolutions.com\/nortiko\/wp-json\/wp\/v2\/pages"}],"about":[{"href":"https:\/\/www.jungleboxsolutions.com\/nortiko\/wp-json\/wp\/v2\/types\/page"}],"author":[{"embeddable":true,"href":"https:\/\/www.jungleboxsolutions.com\/nortiko\/wp-json\/wp\/v2\/users\/1"}],"replies":[{"embeddable":true,"href":"https:\/\/www.jungleboxsolutions.com\/nortiko\/wp-json\/wp\/v2\/comments?post=76"}],"version-history":[{"count":3,"href":"https:\/\/www.jungleboxsolutions.com\/nortiko\/wp-json\/wp\/v2\/pages\/76\/revisions"}],"predecessor-version":[{"id":82,"href":"https:\/\/www.jungleboxsolutions.com\/nortiko\/wp-json\/wp\/v2\/pages\/76\/revisions\/82"}],"wp:attachment":[{"href":"https:\/\/www.jungleboxsolutions.com\/nortiko\/wp-json\/wp\/v2\/media?parent=76"}],"curies":[{"name":"wp","href":"https:\/\/api.w.org\/{rel}","templated":true}]}}