{"id":73,"date":"2020-09-29T08:19:40","date_gmt":"2020-09-29T13:19:40","guid":{"rendered":"http:\/\/www.jungleboxsolutions.com\/sedico\/?page_id=73"},"modified":"2020-09-29T11:07:49","modified_gmt":"2020-09-29T16:07:49","slug":"historia","status":"publish","type":"page","link":"https:\/\/www.jungleboxsolutions.com\/sedico\/historia\/","title":{"rendered":"Historia"},"content":{"rendered":"<h2><strong>La organizaci\u00f3n inici\u00f3 operaciones en el a\u00f1o 1.994, con la raz\u00f3n social SERGIO GUTIERREZ Y C\u00cdA LTDA<\/strong><\/h2>\n<p>cuyo principal objeto fue prestar servicios de asesor\u00edas t\u00e9cnicas, construcci\u00f3n, y dise\u00f1o e interventor\u00eda de obras civiles, a las comercializadoras de banano Uniban, Proban, Banacol, Dole, y los productores de banano como Banex, Grupo K\u00bbdavid, que operan en La Zona Bananera del Departamento del Magdalena.<\/p>\n<p>En el a\u00f1o 2.000 iniciamos a ejecutar trabajos en movimiento de tierra con maquinaria pesada en la misma zona bananera del Departamento del Magdalena a los clientes que ya ten\u00edamos, y a muchos m\u00e1s, ampliando nuestro portafolio de servicios. A la fecha hemos movido m\u00e1s de 250.000 MTS3 en construcci\u00f3n de canales de drenaje y hemos construido reservorios para almacenamiento de agua en un volumen aproximado de 450.000 MTS3.<\/p>\n<p>Hemos realizado proyectos que implican generaci\u00f3n de bienestar en reformas de escuelas y de esparcimiento en canchas deportivas m\u00faltiples, con las fundaciones sociales del sector bananero.<\/p>\n<p>Desde 1 de Mayo de 2000, la organizaci\u00f3n ampli\u00f3 su campo de acci\u00f3n como Operador Portuario y se constituy\u00f3 SEDICO LTDA., para la ejecuci\u00f3n de la operaci\u00f3n en tierra en las fases de descargue, apilamiento, cargue y transporte del carb\u00f3n a tolvas y granel solido en el Puerto de Santa Marta para la empresa Carboandes S.A.<\/p>\n<p>Desde entonces la empresa se ha posicionado en el Sector Portuario, prest\u00e1ndoles servicios de movimiento de material a granel s\u00f3lido, movimientos de tierra y construcci\u00f3n de obras civiles a empresas portuarias como: Sociedad Portuaria de Santa Marta, Carbones del Caribe, Operlog, Drummond Ltd, Carbosan Ltda, CarboandeS, Sociedad Portuaria Rio C\u00f3rdoba SA, Sociedad Portuaria del Norte, y Puerto Brisa S.A.<\/p>\n<p>En transporte y apilamiento de carb\u00f3n SEDICO SAS ha movido m\u00e1s 30.000.000 de toneladas de carb\u00f3n, y en movimiento de tierra en el \u00faltimo a\u00f1o ha movido aproximadamente 1\u00b4000.000 de m3.<\/p>\n<p>Tenemos experiencia en construcci\u00f3n de v\u00edas, movimientos de tierra, montajes industriales y construcci\u00f3n de obras civiles: bocatomas, tanques de almacenamiento de agua, oficinas, puentes, estructuras de edificios, y construcci\u00f3n de Bodegas, bodegas en Tilt-Up, entre otros.<\/p>\n<p>Implementamos y certificamos nuestro sistema de gesti\u00f3n de CALIDAD ISO:9001 en el 2004. Posteriormente, en el a\u00f1o 2007, implementamos y certificamos el sistema de gesti\u00f3n Business Alliance for Secure Commerce BASC, generando as\u00ed un Sistema de Gestion Integral. En el a\u00f1o 2009 nos acogimos a los requisitos de la Guia del Sistema de Seguridad, Salud Ocupacional y Ambiente para contratistas del sector de hidrocarburos RUC del CCS.<\/p>\n<p>Somos Vigilados por la SUPERTRANSPORTE y nos certificamos anualmente con COFACE.<\/p>\n<p><img loading=\"lazy\" class=\"aligncenter wp-image-80 size-full\" src=\"http:\/\/www.jungleboxsolutions.com\/sedico\/wp-content\/uploads\/2020\/09\/04-carrusel-historia-sedico.jpg\" alt=\"\" width=\"513\" height=\"350\" srcset=\"https:\/\/www.jungleboxsolutions.com\/sedico\/wp-content\/uploads\/2020\/09\/04-carrusel-historia-sedico.jpg 513w, https:\/\/www.jungleboxsolutions.com\/sedico\/wp-content\/uploads\/2020\/09\/04-carrusel-historia-sedico-300x205.jpg 300w\" sizes=\"(max-width: 513px) 100vw, 513px\" \/><\/p>\n","protected":false},"excerpt":{"rendered":"<p>La organizaci\u00f3n inici\u00f3 operaciones en el a\u00f1o 1.994, con la raz\u00f3n social SERGIO GUTIERREZ Y C\u00cdA LTDA cuyo principal objeto fue prestar servicios de asesor\u00edas t\u00e9cnicas, construcci\u00f3n, y dise\u00f1o e interventor\u00eda de obras civiles, a las comercializadoras de banano Uniban, Proban, Banacol, Dole, y los productores de banano como Banex, Grupo K\u00bbdavid, que operan en [&hellip;]<\/p>\n","protected":false},"author":1,"featured_media":0,"parent":0,"menu_order":0,"comment_status":"closed","ping_status":"closed","template":"","meta":[],"_links":{"self":[{"href":"https:\/\/www.jungleboxsolutions.com\/sedico\/wp-json\/wp\/v2\/pages\/73"}],"collection":[{"href":"https:\/\/www.jungleboxsolutions.com\/sedico\/wp-json\/wp\/v2\/pages"}],"about":[{"href":"https:\/\/www.jungleboxsolutions.com\/sedico\/wp-json\/wp\/v2\/types\/page"}],"author":[{"embeddable":true,"href":"https:\/\/www.jungleboxsolutions.com\/sedico\/wp-json\/wp\/v2\/users\/1"}],"replies":[{"embeddable":true,"href":"https:\/\/www.jungleboxsolutions.com\/sedico\/wp-json\/wp\/v2\/comments?post=73"}],"version-history":[{"count":6,"href":"https:\/\/www.jungleboxsolutions.com\/sedico\/wp-json\/wp\/v2\/pages\/73\/revisions"}],"predecessor-version":[{"id":85,"href":"https:\/\/www.jungleboxsolutions.com\/sedico\/wp-json\/wp\/v2\/pages\/73\/revisions\/85"}],"wp:attachment":[{"href":"https:\/\/www.jungleboxsolutions.com\/sedico\/wp-json\/wp\/v2\/media?parent=73"}],"curies":[{"name":"wp","href":"https:\/\/api.w.org\/{rel}","templated":true}]}}